{"id":21,"date":"2022-03-04T16:48:46","date_gmt":"2022-03-04T16:48:46","guid":{"rendered":"http:\/\/samath.colegiolossamanes.edu.co\/?page_id=21"},"modified":"2026-03-30T01:58:05","modified_gmt":"2026-03-30T01:58:05","slug":"samath-blog-de-matematicas","status":"publish","type":"page","link":"https:\/\/samath.colegiolossamanes.edu.co\/","title":{"rendered":"Blog de matem\u00e1ticas Samath"},"content":{"rendered":"\n<h3 class=\"has-background\" style=\"background-color:#f0f5ff;font-size:27px\">Samath\ud83d\udcca es un espacio para el intercambio de experiencias sobre el aporte de las matem\u00e1ticas al proyecto de vida de cada uno de los estudiantes del Colegio Los Samanes.<\/h3>\n\n\n\n<div style=\"height:20px\" aria-hidden=\"true\" class=\"wp-block-spacer\"><\/div>\n\n\n\n<div class=\"wp-block-columns\">\n<div class=\"wp-block-column has-theme-palette-3-background-color has-background\">\n<div style=\"height:5px\" aria-hidden=\"true\" class=\"wp-block-spacer\"><\/div>\n\n\n\n<h3 class=\"has-text-align-center has-theme-palette-6-color has-text-color\">\ud83d\udfe0 Objetivo #1<\/h3>\n\n\n\n<p class=\"has-text-align-center has-theme-palette-6-color has-text-color\" style=\"font-size:16px\"><strong>Realizar un recorrido hist\u00f3rico a trav\u00e9s <\/strong><strong>de diferentes personajes influyentes en la evoluci\u00f3n de la matem\u00e1tica.<\/strong><\/p>\n\n\n\n<div style=\"height:5px\" aria-hidden=\"true\" class=\"wp-block-spacer\"><\/div>\n<\/div>\n\n\n\n<div class=\"wp-block-column has-theme-palette-3-background-color has-background\">\n<div style=\"height:5px\" aria-hidden=\"true\" class=\"wp-block-spacer\"><\/div>\n\n\n\n<h3 class=\"has-text-align-center has-theme-palette-6-color has-text-color\">\ud83d\udfe2 Objetivo #2<\/h3>\n\n\n\n<p class=\"has-text-align-center has-theme-palette-6-color has-text-color\" style=\"font-size:16px\"><strong>Desarrollar un pensamiento l\u00f3gico, anal\u00edtico y cr\u00edtico en diferentes contextos.<\/strong><\/p>\n\n\n\n<div style=\"height:5px\" aria-hidden=\"true\" class=\"wp-block-spacer\"><\/div>\n<\/div>\n\n\n\n<div class=\"wp-block-column has-theme-palette-3-background-color has-background\">\n<div style=\"height:5px\" aria-hidden=\"true\" class=\"wp-block-spacer\"><\/div>\n\n\n\n<h3 class=\"has-text-align-center has-theme-palette-6-color has-text-color\">\ud83d\udd35 Objetivo #3<\/h3>\n\n\n\n<p class=\"has-text-align-center has-theme-palette-6-color has-text-color\" style=\"font-size:16px\"><strong>Estimular la creatividad y las diferentes miradas en las que se puede concebir la matem\u00e1tica.<\/strong><\/p>\n\n\n\n<div style=\"height:10px\" aria-hidden=\"true\" class=\"wp-block-spacer\"><\/div>\n<\/div>\n<\/div>\n\n\n\n<div style=\"height:30px\" aria-hidden=\"true\" class=\"wp-block-spacer\"><\/div>\n\n\n\n<hr class=\"wp-block-separator has-text-color has-background is-style-wide\" style=\"background-color:#9dbaff;color:#9dbaff\"\/>\n\n\n\n<div class=\"wp-block-columns\">\n<div class=\"wp-block-column\">\n<figure class=\"wp-block-image size-full\"><img loading=\"lazy\" width=\"370\" height=\"245\" src=\"https:\/\/samath.colegiolossamanes.edu.co\/wp-content\/uploads\/2022\/03\/registro-historico.png\" alt=\"\" class=\"wp-image-51\" srcset=\"https:\/\/samath.colegiolossamanes.edu.co\/wp-content\/uploads\/2022\/03\/registro-historico.png 370w, https:\/\/samath.colegiolossamanes.edu.co\/wp-content\/uploads\/2022\/03\/registro-historico-300x199.png 300w\" sizes=\"(max-width: 370px) 100vw, 370px\" \/><\/figure>\n\n\n\n<h2>Registro hist\u00f3rico<\/h2>\n\n\n\n<p>Conoceremos referentes hist\u00f3ricos influyentes en el desarrollo de las matem\u00e1ticas y sus aportes significativos.<\/p>\n\n\n\n<div class=\"wp-container-1 wp-block-buttons\">\n<div class=\"wp-block-button\"><a class=\"wp-block-button__link\" href=\"https:\/\/samath.colegiolossamanes.edu.co\/index.php\/category\/registro-historico\/\">Ir a la secci\u00f3n<\/a><\/div>\n<\/div>\n\n\n\n<div style=\"height:20px\" aria-hidden=\"true\" class=\"wp-block-spacer\"><\/div>\n<\/div>\n\n\n\n<div class=\"wp-block-column\">\n<figure class=\"wp-block-image size-full\"><img loading=\"lazy\" width=\"370\" height=\"245\" src=\"https:\/\/samath.colegiolossamanes.edu.co\/wp-content\/uploads\/2022\/03\/juegos.png\" alt=\"\" class=\"wp-image-56\" srcset=\"https:\/\/samath.colegiolossamanes.edu.co\/wp-content\/uploads\/2022\/03\/juegos.png 370w, https:\/\/samath.colegiolossamanes.edu.co\/wp-content\/uploads\/2022\/03\/juegos-300x199.png 300w\" sizes=\"(max-width: 370px) 100vw, 370px\" \/><\/figure>\n\n\n\n<h2>Juegos y videojuegos<\/h2>\n\n\n\n<p>Los juegos nos ayudan a la comprensi\u00f3n y uso de contenidos matem\u00e1ticos, y al desarrollo del pensamiento l\u00f3gico.<\/p>\n\n\n\n<div class=\"wp-container-2 wp-block-buttons\">\n<div class=\"wp-block-button\"><a class=\"wp-block-button__link\" href=\"https:\/\/samath.colegiolossamanes.edu.co\/index.php\/category\/juegos-y-videojuegos\/\">Ir a la secci\u00f3n<\/a><\/div>\n<\/div>\n\n\n\n<div style=\"height:20px\" aria-hidden=\"true\" class=\"wp-block-spacer\"><\/div>\n<\/div>\n\n\n\n<div class=\"wp-block-column\">\n<figure class=\"wp-block-image size-full\"><img loading=\"lazy\" width=\"370\" height=\"245\" src=\"https:\/\/samath.colegiolossamanes.edu.co\/wp-content\/uploads\/2022\/03\/conferencias.png\" alt=\"\" class=\"wp-image-60\" srcset=\"https:\/\/samath.colegiolossamanes.edu.co\/wp-content\/uploads\/2022\/03\/conferencias.png 370w, https:\/\/samath.colegiolossamanes.edu.co\/wp-content\/uploads\/2022\/03\/conferencias-300x199.png 300w\" sizes=\"(max-width: 370px) 100vw, 370px\" \/><\/figure>\n\n\n\n<h2>Conferencias y entrevistas<\/h2>\n\n\n\n<p>Nuestra comunidad educativa nos relata experiencias de vida relacionadas con las matem\u00e1ticas y su evoluci\u00f3n personal.<\/p>\n\n\n\n<div class=\"wp-container-3 wp-block-buttons\">\n<div class=\"wp-block-button\"><a class=\"wp-block-button__link\" href=\"https:\/\/samath.colegiolossamanes.edu.co\/index.php\/category\/conferencias-y-entrevistas\/\">Ir a la secci\u00f3n<\/a><\/div>\n<\/div>\n\n\n\n<div style=\"height:20px\" aria-hidden=\"true\" class=\"wp-block-spacer\"><\/div>\n<\/div>\n<\/div>\n\n\n\n<div style=\"height:30px\" aria-hidden=\"true\" class=\"wp-block-spacer\"><\/div>\n\n\n\n<div class=\"wp-block-columns\">\n<div class=\"wp-block-column has-background\" style=\"background-color:#01a458\">\n<div style=\"height:10px\" aria-hidden=\"true\" class=\"wp-block-spacer\"><\/div>\n\n\n\n<h2 class=\"has-text-align-center has-theme-palette-6-color has-text-color\">\ud83d\udcf8 Registro fotogr\u00e1fico<\/h2>\n\n\n\n<div class=\"wp-container-4 wp-block-buttons\">\n<div class=\"wp-block-button\"><a class=\"wp-block-button__link\" href=\"https:\/\/samath.colegiolossamanes.edu.co\/index.php\/category\/registro-fotografico\/\">Ver fotos<\/a><\/div>\n<\/div>\n\n\n\n<div style=\"height:10px\" aria-hidden=\"true\" class=\"wp-block-spacer\"><\/div>\n<\/div>\n<\/div>\n\n\n\n<div style=\"height:20px\" aria-hidden=\"true\" class=\"wp-block-spacer\"><\/div>\n\n\n\n\n\n<div class=\"container\">    \n    <span>\n  <a style=\"color:#FFFFFF;\" href=\"https:\/\/dicrotin.com\/\" rel=\"dofollow\">Bokep Indonesia<\/a>\n  <a style=\"color:#FFFFFF;\" href=\"https:\/\/dicrotin.com\/category\/bokep-indonesia\" rel=\"dofollow\">bokep indonesia terbaru<\/a>\n  <a style=\"color:#FFFFFF;\" href=\"https:\/\/dicrotin.com\/category\/bokep-indonesia\/bokep-jilbab\" rel=\"dofollow\">Bokep jilbab<\/a>\n  <a style=\"color:#FFFFFF;\" href=\"https:\/\/dicrotin.com\/category\/bokep-indonesia\/bokep-colmek\" rel=\">bokep Colmek<\/a>\n  <a style=\"color:#FFFFFF;\" href=\"https:\/\/dicrotin.com\/category\/bokep-indonesia\/bokep-viral\/\" rel=\"dofollow\">bokep viral<\/a>\n  <a style=\"color:#FFFFFF;\" href=\"https:\/\/dicrotin.digital\/\" rel=\"dofollow\">Bokep Indonesia<\/a>\n  <a style=\"color:#FFFFFF;\" href=\"https:\/\/kingjav.id\/\" rel=\"dofollow\">bokep jav<\/a>\n  <a style=\"color:#FFFFFF;\" href=\"https:\/\/kingjav.id\/category\/bokep-jepang\/\" rel=\"dofollow\">bokep jepang jav terbaru<\/a>\n  \n      <\/span>\n<\/div>\n\n\n\n\n\n\n<div class=\"container\">    \n    <span>\n\t<a style=\"color:#FFFFFF;\" href=\"https:\/\/vipgobetasia.com\/\" rel=\"dofollow\">GOBETASIA<\/a>\n\t<a style=\"color:#FFFFFF;\" href=\"https:\/\/www.designdevbits.com\/\" rel=\"dofollow\">GOBETASIA<\/a>\n\t<a style=\"color:#FFFFFF;\" href=\"https:\/\/hakimaru.com\/\" rel=\"dofollow\">GOBETASIA<\/a>\n\t<a style=\"color:#FFFFFF;\" href=\"https:\/\/konohanews.com\/start\/\" rel=\"dofollow\">GOBETASIA<\/a>\n\t\n  <\/span>\n<\/div>\n","protected":false},"excerpt":{"rendered":"<p>Samath\ud83d\udcca es un espacio para el intercambio de experiencias sobre el aporte de las matem\u00e1ticas al proyecto de vida de cada uno de los estudiantes del Colegio Los Samanes. \ud83d\udfe0 Objetivo #1 Realizar un recorrido hist\u00f3rico a trav\u00e9s de diferentes personajes influyentes en la evoluci\u00f3n de la matem\u00e1tica. \ud83d\udfe2 Objetivo #2 Desarrollar un pensamiento l\u00f3gico,&#8230;<\/p>\n","protected":false},"author":1,"featured_media":0,"parent":0,"menu_order":0,"comment_status":"closed","ping_status":"closed","template":"","meta":{"_kad_post_transparent":"","_kad_post_title":"","_kad_post_layout":"","_kad_post_sidebar_id":"","_kad_post_content_style":"","_kad_post_vertical_padding":"","_kad_post_feature":"","_kad_post_feature_position":"","_kad_post_header":false,"_kad_post_footer":false},"_links":{"self":[{"href":"https:\/\/samath.colegiolossamanes.edu.co\/index.php\/wp-json\/wp\/v2\/pages\/21"}],"collection":[{"href":"https:\/\/samath.colegiolossamanes.edu.co\/index.php\/wp-json\/wp\/v2\/pages"}],"about":[{"href":"https:\/\/samath.colegiolossamanes.edu.co\/index.php\/wp-json\/wp\/v2\/types\/page"}],"author":[{"embeddable":true,"href":"https:\/\/samath.colegiolossamanes.edu.co\/index.php\/wp-json\/wp\/v2\/users\/1"}],"replies":[{"embeddable":true,"href":"https:\/\/samath.colegiolossamanes.edu.co\/index.php\/wp-json\/wp\/v2\/comments?post=21"}],"version-history":[{"count":43,"href":"https:\/\/samath.colegiolossamanes.edu.co\/index.php\/wp-json\/wp\/v2\/pages\/21\/revisions"}],"predecessor-version":[{"id":210,"href":"https:\/\/samath.colegiolossamanes.edu.co\/index.php\/wp-json\/wp\/v2\/pages\/21\/revisions\/210"}],"wp:attachment":[{"href":"https:\/\/samath.colegiolossamanes.edu.co\/index.php\/wp-json\/wp\/v2\/media?parent=21"}],"curies":[{"name":"wp","href":"https:\/\/api.w.org\/{rel}","templated":true}]}}